{"id":709,"date":"2024-07-19T07:35:03","date_gmt":"2024-07-19T07:35:03","guid":{"rendered":"https:\/\/leuze-electronic-assembly.com\/?page_id=709"},"modified":"2025-01-07T14:48:24","modified_gmt":"2025-01-07T14:48:24","slug":"impressum","status":"publish","type":"page","link":"https:\/\/leuze-electronic-assembly.com\/en\/impressum\/","title":{"rendered":"Imprint"},"content":{"rendered":"<div style=\"height:50px\" aria-hidden=\"true\" class=\"wp-block-spacer gutenify-section-bb7e9840-4b1f-11ef-8198-7d32fd7c9f02 gtfy-1\"><\/div>\n\n\n\n<h2 class=\"wp-block-heading has-helvetica-neue-lt-pro-font-family gutenify-section-30f31b50-4b20-11ef-91ec-5d006db964d3 gtfy-5\">Imprint<\/h2>\n\n\n\n<p class=\"has-black-color has-text-color has-link-color has-helvetica-neue-lt-pro-font-family gutenify-section-3a90f5b0-4b20-11ef-91ec-5d006db964d3 wp-elements-dfd6b05ab163f226e4732bf2102ea011 gtfy-9\" style=\"font-size:16px;font-style:normal;font-weight:400;letter-spacing:0px\"><br><strong>Leuze electronic assembly GmbH<\/strong><br>St\u00fctzenstra\u00dfe 3<br>D-89619 Unterstadion<\/p>\n\n\n\n<p class=\"has-helvetica-neue-lt-pro-font-family gutenify-section-8b46c690-45a0-11ef-ba9f-0b66e37e1454 gtfy-13\" style=\"font-size:16px;font-style:normal;font-weight:400;letter-spacing:0px\"><strong>Contact<br><\/strong>Phone: +49 7393 9508-0<br><a href=\"mailto:assembly@leuze.de\">assembly@leuze.de<\/a><\/p>\n\n\n\n<p class=\"has-black-color has-text-color has-link-color has-helvetica-neue-lt-pro-font-family gutenify-section-51ea7ae0-45a0-11ef-ba9f-0b66e37e1454 wp-elements-4523f9c2d4f5a43bafec8a3373b8ed9a gtfy-17\" style=\"font-size:16px;font-style:normal;font-weight:400;letter-spacing:0px\"><strong>Managing directors<br><\/strong>Helge Held, Philipp Sch\u00fcll<\/p>\n\n\n\n<p class=\"has-black-color has-text-color has-link-color has-helvetica-neue-lt-pro-font-family gutenify-section-54dd06f0-45a0-11ef-ba9f-0b66e37e1454 wp-elements-468c43584258567368f02facb8f22a89 gtfy-21\" style=\"font-size:16px;font-style:normal;font-weight:400;letter-spacing:0px\"><strong>Register court<br><\/strong>Ulm, HRB 490188<br><br><strong>Tax identification number<br><\/strong>DE 145912206<br><br><strong>Responsible for content <\/strong><br>Leuze electronic assembly GmbH<br>St\u00fctzenstra\u00dfe 3<br>D-89619 Unterstadion<br><\/p>\n\n\n\n<p class=\"has-black-color has-text-color has-link-color has-helvetica-neue-lt-pro-font-family gutenify-section-87844ae0-45a1-11ef-ba9f-0b66e37e1454 wp-elements-b3ed63bcb09ba50395cb82ee6206de33 gtfy-25\" style=\"font-size:18px;font-style:normal;font-weight:400;letter-spacing:0px\"><strong>Disclaimer<\/strong><\/p>\n\n\n\n<p class=\"has-black-color has-text-color has-link-color has-helvetica-neue-lt-pro-font-family gutenify-section-92195680-45a1-11ef-ba9f-0b66e37e1454 wp-elements-49c095793ecde04856d9ffc40800401f gtfy-29\" style=\"font-size:16px;font-style:normal;font-weight:400;letter-spacing:0px\"><strong>Liability for content <br><\/strong>The contents of our pages have been created with the utmost care. However, we cannot guarantee that the content is accurate, complete or up to date. As a service provider, we are responsible for our own content on these pages in accordance with \u00a7 7 (1) TMG (German Telemedia Act) and general legislation. According to \u00a7\u00a7 8 to 10 TMG, however, we as a service provider are not obliged to monitor transmitted or stored third-party information or to investigate circumstances that indicate illegal activity. Obligations to remove or block the use of information under general legislation remain unaffected. However, liability in this respect is only possible after we become aware of specific infringement. If we become aware of any such infringements, we will remove such content immediately.<\/p>\n\n\n\n<p class=\"has-black-color has-text-color has-link-color has-helvetica-neue-lt-pro-font-family gutenify-section-0c4e1630-45a1-11ef-ba9f-0b66e37e1454 wp-elements-01518c41dcbe23e652cea42ec88fca73 gtfy-33\" style=\"font-size:16px;font-style:normal;font-weight:400;letter-spacing:0px\"><strong>Liability for links <br><\/strong>Our website contains links to external third-party websites over whose content we have no influence. Therefore, we cannot assume any liability for this third-party content. The respective provider or operator of the pages is always responsible for the content of the linked pages. The linked pages were checked for possible legal violations when the link was created. There was no discernible illegal content when the link was created. However, constant monitoring of the content of the linked pages is not reasonable without concrete evidence of an infringement. If we become aware of any infringements, we will remove such links immediately.<br><br><strong>Copyright<br><\/strong>The content and works created by the site operators on these pages are subject to German copyright law. Duplication, editing, distribution and any kind of use outside the limits of copyright law require the written consent of the respective author or creator. Downloads and copies of this site are only permitted for private, non-commercial use. Insofar as the content on this site was not created by the operator, the copyrights of third parties are respected. In particular, third-party content is marked as such. Should you nevertheless become aware of a copyright infringement, we ask you to inform us accordingly. If we become aware of any infringements, we will remove such content immediately.<br><br><strong>References<\/strong><br>eRecht24 disclaimer, Google Analytics \u2018Safeguarding your data\u2019, Legal notice generator from the lawyer S\u00f6ren Siebert <\/p>\n\n\n\n<div style=\"height:100px\" aria-hidden=\"true\" class=\"wp-block-spacer gutenify-section-46bea2b0-4b20-11ef-91ec-5d006db964d3 gtfy-37\"><\/div>\n\n\n\n<p class=\"has-black-color has-text-color has-link-color has-helvetica-neue-lt-pro-font-family gutenify-section-44ae9230-45a0-11ef-ba9f-0b66e37e1454 wp-elements-66a263952eaa511337d2e6d2c84d891c gtfy-41\" style=\"font-size:16px;font-style:normal;font-weight:400;letter-spacing:0px\"><br><br><br><br><br><br><\/p>","protected":false},"excerpt":{"rendered":"<p>Impressum Leuze electronic assembly GmbHSt\u00fctzenstra\u00dfe 3D-89619 Unterstadion KontaktTelefon: +49 7393 9508-0assembly@leuze.de Gesch\u00e4ftsf\u00fchrerHelge Held, Philipp Sch\u00fcll [&hellip;]<\/p>\n","protected":false},"author":3,"featured_media":0,"parent":0,"menu_order":0,"comment_status":"closed","ping_status":"closed","template":"","meta":{"footnotes":""},"class_list":["post-709","page","type-page","status-publish","hentry"],"yoast_head":"<!-- This site is optimized with the Yoast SEO plugin v27.3 - https:\/\/yoast.com\/product\/yoast-seo-wordpress\/ -->\n<title>Impressum - Leuze electronic assembly<\/title>\n<meta name=\"robots\" content=\"index, follow, max-snippet:-1, max-image-preview:large, max-video-preview:-1\" \/>\n<link rel=\"canonical\" href=\"https:\/\/leuze-electronic-assembly.com\/en\/impressum\/\" \/>\n<meta property=\"og:locale\" content=\"en_GB\" \/>\n<meta property=\"og:type\" content=\"article\" \/>\n<meta property=\"og:title\" content=\"Impressum - Leuze electronic assembly\" \/>\n<meta property=\"og:description\" content=\"Impressum Leuze electronic assembly GmbHSt\u00fctzenstra\u00dfe 3D-89619 Unterstadion KontaktTelefon: +49 7393 9508-0assembly@leuze.de Gesch\u00e4ftsf\u00fchrerHelge Held, Philipp Sch\u00fcll [&hellip;]\" \/>\n<meta property=\"og:url\" content=\"https:\/\/leuze-electronic-assembly.com\/en\/impressum\/\" \/>\n<meta property=\"og:site_name\" content=\"Leuze electronic assembly\" \/>\n<meta property=\"article:modified_time\" content=\"2025-01-07T14:48:24+00:00\" \/>\n<meta name=\"twitter:card\" content=\"summary_large_image\" \/>\n<meta name=\"twitter:label1\" content=\"Estimated reading time\" \/>\n\t<meta name=\"twitter:data1\" content=\"3 minutes\" \/>\n<script type=\"application\/ld+json\" class=\"yoast-schema-graph\">{\"@context\":\"https:\\\/\\\/schema.org\",\"@graph\":[{\"@type\":\"WebPage\",\"@id\":\"https:\\\/\\\/leuze-electronic-assembly.com\\\/impressum\\\/\",\"url\":\"https:\\\/\\\/leuze-electronic-assembly.com\\\/impressum\\\/\",\"name\":\"Impressum - Leuze electronic assembly\",\"isPartOf\":{\"@id\":\"https:\\\/\\\/leuze-electronic-assembly.com\\\/#website\"},\"datePublished\":\"2024-07-19T07:35:03+00:00\",\"dateModified\":\"2025-01-07T14:48:24+00:00\",\"breadcrumb\":{\"@id\":\"https:\\\/\\\/leuze-electronic-assembly.com\\\/impressum\\\/#breadcrumb\"},\"inLanguage\":\"en-GB\",\"potentialAction\":[{\"@type\":\"ReadAction\",\"target\":[\"https:\\\/\\\/leuze-electronic-assembly.com\\\/impressum\\\/\"]}]},{\"@type\":\"BreadcrumbList\",\"@id\":\"https:\\\/\\\/leuze-electronic-assembly.com\\\/impressum\\\/#breadcrumb\",\"itemListElement\":[{\"@type\":\"ListItem\",\"position\":1,\"name\":\"Home\",\"item\":\"https:\\\/\\\/leuze-electronic-assembly.com\\\/\"},{\"@type\":\"ListItem\",\"position\":2,\"name\":\"Impressum\"}]},{\"@type\":\"WebSite\",\"@id\":\"https:\\\/\\\/leuze-electronic-assembly.com\\\/#website\",\"url\":\"https:\\\/\\\/leuze-electronic-assembly.com\\\/\",\"name\":\"Leuze electronic assembly\",\"description\":\"\",\"potentialAction\":[{\"@type\":\"SearchAction\",\"target\":{\"@type\":\"EntryPoint\",\"urlTemplate\":\"https:\\\/\\\/leuze-electronic-assembly.com\\\/?s={search_term_string}\"},\"query-input\":{\"@type\":\"PropertyValueSpecification\",\"valueRequired\":true,\"valueName\":\"search_term_string\"}}],\"inLanguage\":\"en-GB\"}]}<\/script>\n<!-- \/ Yoast SEO plugin. -->","yoast_head_json":{"title":"Impressum - Leuze electronic assembly","robots":{"index":"index","follow":"follow","max-snippet":"max-snippet:-1","max-image-preview":"max-image-preview:large","max-video-preview":"max-video-preview:-1"},"canonical":"https:\/\/leuze-electronic-assembly.com\/en\/impressum\/","og_locale":"en_GB","og_type":"article","og_title":"Impressum - Leuze electronic assembly","og_description":"Impressum Leuze electronic assembly GmbHSt\u00fctzenstra\u00dfe 3D-89619 Unterstadion KontaktTelefon: +49 7393 9508-0assembly@leuze.de Gesch\u00e4ftsf\u00fchrerHelge Held, Philipp Sch\u00fcll [&hellip;]","og_url":"https:\/\/leuze-electronic-assembly.com\/en\/impressum\/","og_site_name":"Leuze electronic assembly","article_modified_time":"2025-01-07T14:48:24+00:00","twitter_card":"summary_large_image","twitter_misc":{"Estimated reading time":"3 minutes"},"schema":{"@context":"https:\/\/schema.org","@graph":[{"@type":"WebPage","@id":"https:\/\/leuze-electronic-assembly.com\/impressum\/","url":"https:\/\/leuze-electronic-assembly.com\/impressum\/","name":"Impressum - Leuze electronic assembly","isPartOf":{"@id":"https:\/\/leuze-electronic-assembly.com\/#website"},"datePublished":"2024-07-19T07:35:03+00:00","dateModified":"2025-01-07T14:48:24+00:00","breadcrumb":{"@id":"https:\/\/leuze-electronic-assembly.com\/impressum\/#breadcrumb"},"inLanguage":"en-GB","potentialAction":[{"@type":"ReadAction","target":["https:\/\/leuze-electronic-assembly.com\/impressum\/"]}]},{"@type":"BreadcrumbList","@id":"https:\/\/leuze-electronic-assembly.com\/impressum\/#breadcrumb","itemListElement":[{"@type":"ListItem","position":1,"name":"Home","item":"https:\/\/leuze-electronic-assembly.com\/"},{"@type":"ListItem","position":2,"name":"Impressum"}]},{"@type":"WebSite","@id":"https:\/\/leuze-electronic-assembly.com\/#website","url":"https:\/\/leuze-electronic-assembly.com\/","name":"Leuze electronic assembly","description":"","potentialAction":[{"@type":"SearchAction","target":{"@type":"EntryPoint","urlTemplate":"https:\/\/leuze-electronic-assembly.com\/?s={search_term_string}"},"query-input":{"@type":"PropertyValueSpecification","valueRequired":true,"valueName":"search_term_string"}}],"inLanguage":"en-GB"}]}},"_links":{"self":[{"href":"https:\/\/leuze-electronic-assembly.com\/en\/wp-json\/wp\/v2\/pages\/709","targetHints":{"allow":["GET"]}}],"collection":[{"href":"https:\/\/leuze-electronic-assembly.com\/en\/wp-json\/wp\/v2\/pages"}],"about":[{"href":"https:\/\/leuze-electronic-assembly.com\/en\/wp-json\/wp\/v2\/types\/page"}],"author":[{"embeddable":true,"href":"https:\/\/leuze-electronic-assembly.com\/en\/wp-json\/wp\/v2\/users\/3"}],"replies":[{"embeddable":true,"href":"https:\/\/leuze-electronic-assembly.com\/en\/wp-json\/wp\/v2\/comments?post=709"}],"version-history":[{"count":9,"href":"https:\/\/leuze-electronic-assembly.com\/en\/wp-json\/wp\/v2\/pages\/709\/revisions"}],"predecessor-version":[{"id":2473,"href":"https:\/\/leuze-electronic-assembly.com\/en\/wp-json\/wp\/v2\/pages\/709\/revisions\/2473"}],"wp:attachment":[{"href":"https:\/\/leuze-electronic-assembly.com\/en\/wp-json\/wp\/v2\/media?parent=709"}],"curies":[{"name":"wp","href":"https:\/\/api.w.org\/{rel}","templated":true}]}}